{"id":1228,"date":"2022-01-16T08:04:28","date_gmt":"2022-01-16T07:04:28","guid":{"rendered":"https:\/\/www.chartres24hgolf.com\/c24h\/?page_id=1228"},"modified":"2026-02-19T13:54:17","modified_gmt":"2026-02-19T12:54:17","slug":"reglement-2022","status":"publish","type":"page","link":"https:\/\/www.chartres24hgolf.com\/c24h\/reglement-2022\/","title":{"rendered":"R\u00e9glement"},"content":{"rendered":"\t\t<div data-elementor-type=\"wp-post\" data-elementor-id=\"1228\" class=\"elementor elementor-1228\" data-elementor-post-type=\"page\">\n\t\t\t\t\t\t<section class=\"elementor-section elementor-top-section elementor-element elementor-element-4c5a246 elementor-section-height-min-height elementor-section-full_width elementor-section-stretched elementor-section-height-default elementor-section-items-middle\" data-id=\"4c5a246\" data-element_type=\"section\" data-e-type=\"section\" data-settings=\"{&quot;background_background&quot;:&quot;classic&quot;,&quot;stretch_section&quot;:&quot;section-stretched&quot;}\">\n\t\t\t\t\t\t\t<div class=\"elementor-background-overlay\"><\/div>\n\t\t\t\t\t\t\t<div class=\"elementor-container elementor-column-gap-no\">\n\t\t\t\t\t<div class=\"elementor-column elementor-col-100 elementor-top-column elementor-element elementor-element-fbc4c49\" data-id=\"fbc4c49\" data-element_type=\"column\" data-e-type=\"column\">\n\t\t\t<div class=\"elementor-widget-wrap elementor-element-populated\">\n\t\t\t\t\t\t<section class=\"elementor-section elementor-inner-section elementor-element elementor-element-62f28af elementor-section-boxed elementor-section-height-default elementor-section-height-default\" data-id=\"62f28af\" data-element_type=\"section\" data-e-type=\"section\">\n\t\t\t\t\t\t<div class=\"elementor-container elementor-column-gap-default\">\n\t\t\t\t\t<div class=\"elementor-column elementor-col-50 elementor-inner-column elementor-element elementor-element-e357156\" data-id=\"e357156\" data-element_type=\"column\" data-e-type=\"column\">\n\t\t\t<div class=\"elementor-widget-wrap elementor-element-populated\">\n\t\t\t\t\t\t<div class=\"elementor-element elementor-element-0b843ca elementor-widget elementor-widget-theme-site-logo elementor-widget-image\" data-id=\"0b843ca\" data-element_type=\"widget\" data-e-type=\"widget\" data-widget_type=\"theme-site-logo.default\">\n\t\t\t\t<div class=\"elementor-widget-container\">\n\t\t\t\t\t\t\t\t\t\t\t<a href=\"https:\/\/www.chartres24hgolf.com\/c24h\">\n\t\t\t<img fetchpriority=\"high\" decoding=\"async\" width=\"500\" height=\"181\" src=\"https:\/\/www.chartres24hgolf.com\/c24h\/wp-content\/uploads\/2022\/01\/cropped-logo-24h.png\" class=\"attachment-full size-full wp-image-645\" alt=\"\" srcset=\"https:\/\/www.chartres24hgolf.com\/c24h\/wp-content\/uploads\/2022\/01\/cropped-logo-24h.png 500w, https:\/\/www.chartres24hgolf.com\/c24h\/wp-content\/uploads\/2022\/01\/cropped-logo-24h-300x109.png 300w\" sizes=\"(max-width: 500px) 100vw, 500px\" \/>\t\t\t\t<\/a>\n\t\t\t\t\t\t\t\t\t\t\t<\/div>\n\t\t\t\t<\/div>\n\t\t\t\t\t<\/div>\n\t\t<\/div>\n\t\t\t\t<div class=\"elementor-column elementor-col-50 elementor-inner-column elementor-element elementor-element-78febd7\" data-id=\"78febd7\" data-element_type=\"column\" data-e-type=\"column\">\n\t\t\t<div class=\"elementor-widget-wrap elementor-element-populated\">\n\t\t\t\t\t\t<div class=\"elementor-element elementor-element-4513096 elementor-nav-menu--dropdown-tablet elementor-nav-menu__text-align-aside elementor-nav-menu--toggle elementor-nav-menu--burger elementor-widget elementor-widget-nav-menu\" data-id=\"4513096\" data-element_type=\"widget\" data-e-type=\"widget\" data-settings=\"{&quot;layout&quot;:&quot;horizontal&quot;,&quot;submenu_icon&quot;:{&quot;value&quot;:&quot;&lt;i class=\\&quot;fas fa-caret-down\\&quot; aria-hidden=\\&quot;true\\&quot;&gt;&lt;\\\/i&gt;&quot;,&quot;library&quot;:&quot;fa-solid&quot;},&quot;toggle&quot;:&quot;burger&quot;}\" data-widget_type=\"nav-menu.default\">\n\t\t\t\t<div class=\"elementor-widget-container\">\n\t\t\t\t\t\t\t\t<nav aria-label=\"Menu\" class=\"elementor-nav-menu--main elementor-nav-menu__container elementor-nav-menu--layout-horizontal e--pointer-underline e--animation-fade\">\n\t\t\t\t<ul id=\"menu-1-4513096\" class=\"elementor-nav-menu\"><li class=\"menu-item menu-item-type-post_type menu-item-object-page menu-item-2726\"><a href=\"https:\/\/www.chartres24hgolf.com\/c24h\/photos-24-h-2025\/\" class=\"elementor-item\">Photos 24 h 2025<\/a><\/li>\n<li class=\"menu-item menu-item-type-post_type menu-item-object-page menu-item-25\"><a href=\"https:\/\/www.chartres24hgolf.com\/c24h\/organisation\/\" class=\"elementor-item\">Organisation<\/a><\/li>\n<li class=\"menu-item menu-item-type-post_type menu-item-object-page menu-item-2033\"><a href=\"https:\/\/www.chartres24hgolf.com\/c24h\/reglement-2022\/\" class=\"elementor-item\">R\u00e9glement<\/a><\/li>\n<li class=\"menu-item menu-item-type-post_type menu-item-object-page menu-item-2741\"><a href=\"https:\/\/www.chartres24hgolf.com\/c24h\/inscriptions-equipe-24-h-2026\/\" class=\"elementor-item\">Inscriptions \u00e9quipe 24 h 2026<\/a><\/li>\n<\/ul>\t\t\t<\/nav>\n\t\t\t\t\t<div class=\"elementor-menu-toggle\" role=\"button\" tabindex=\"0\" aria-label=\"Permuter le menu\" aria-expanded=\"false\">\n\t\t\t<i aria-hidden=\"true\" role=\"presentation\" class=\"elementor-menu-toggle__icon--open eicon-menu-bar\"><\/i><i aria-hidden=\"true\" role=\"presentation\" class=\"elementor-menu-toggle__icon--close eicon-close\"><\/i>\t\t<\/div>\n\t\t\t\t\t<nav class=\"elementor-nav-menu--dropdown elementor-nav-menu__container\" aria-hidden=\"true\">\n\t\t\t\t<ul id=\"menu-2-4513096\" class=\"elementor-nav-menu\"><li class=\"menu-item menu-item-type-post_type menu-item-object-page menu-item-2726\"><a href=\"https:\/\/www.chartres24hgolf.com\/c24h\/photos-24-h-2025\/\" class=\"elementor-item\" tabindex=\"-1\">Photos 24 h 2025<\/a><\/li>\n<li class=\"menu-item menu-item-type-post_type menu-item-object-page menu-item-25\"><a href=\"https:\/\/www.chartres24hgolf.com\/c24h\/organisation\/\" class=\"elementor-item\" tabindex=\"-1\">Organisation<\/a><\/li>\n<li class=\"menu-item menu-item-type-post_type menu-item-object-page menu-item-2033\"><a href=\"https:\/\/www.chartres24hgolf.com\/c24h\/reglement-2022\/\" class=\"elementor-item\" tabindex=\"-1\">R\u00e9glement<\/a><\/li>\n<li class=\"menu-item menu-item-type-post_type menu-item-object-page menu-item-2741\"><a href=\"https:\/\/www.chartres24hgolf.com\/c24h\/inscriptions-equipe-24-h-2026\/\" class=\"elementor-item\" tabindex=\"-1\">Inscriptions \u00e9quipe 24 h 2026<\/a><\/li>\n<\/ul>\t\t\t<\/nav>\n\t\t\t\t\t\t<\/div>\n\t\t\t\t<\/div>\n\t\t\t\t\t<\/div>\n\t\t<\/div>\n\t\t\t\t\t<\/div>\n\t\t<\/section>\n\t\t\t\t<div class=\"elementor-element elementor-element-8ac7d3e elementor-widget-divider--view-line_text elementor-widget-divider--element-align-center elementor-widget elementor-widget-divider\" data-id=\"8ac7d3e\" data-element_type=\"widget\" data-e-type=\"widget\" data-widget_type=\"divider.default\">\n\t\t\t\t<div class=\"elementor-widget-container\">\n\t\t\t\t\t\t\t<div class=\"elementor-divider\">\n\t\t\t<span class=\"elementor-divider-separator\">\n\t\t\t\t\t\t\t<span class=\"elementor-divider__text elementor-divider__element\">\n\t\t\t\tBienvenue\t\t\t\t<\/span>\n\t\t\t\t\t\t<\/span>\n\t\t<\/div>\n\t\t\t\t\t\t<\/div>\n\t\t\t\t<\/div>\n\t\t\t\t\t<\/div>\n\t\t<\/div>\n\t\t\t\t\t<\/div>\n\t\t<\/section>\n\t\t\t\t<section class=\"elementor-section elementor-top-section elementor-element elementor-element-71eb0804 elementor-section-content-middle elementor-section-boxed elementor-section-height-default elementor-section-height-default\" data-id=\"71eb0804\" data-element_type=\"section\" data-e-type=\"section\" data-settings=\"{&quot;background_background&quot;:&quot;classic&quot;}\">\n\t\t\t\t\t\t\t<div class=\"elementor-background-overlay\"><\/div>\n\t\t\t\t\t\t\t<div class=\"elementor-container elementor-column-gap-no\">\n\t\t\t\t\t<div class=\"elementor-column elementor-col-100 elementor-top-column elementor-element elementor-element-533a83d7\" data-id=\"533a83d7\" data-element_type=\"column\" data-e-type=\"column\">\n\t\t\t<div class=\"elementor-widget-wrap elementor-element-populated\">\n\t\t\t\t\t\t<div class=\"elementor-element elementor-element-56a3bb83 elementor-widget-divider--view-line_text elementor-widget-divider--element-align-center elementor-invisible elementor-widget elementor-widget-divider\" data-id=\"56a3bb83\" data-element_type=\"widget\" data-e-type=\"widget\" data-settings=\"{&quot;_animation&quot;:&quot;fadeInLeft&quot;}\" data-widget_type=\"divider.default\">\n\t\t\t\t<div class=\"elementor-widget-container\">\n\t\t\t\t\t\t\t<div class=\"elementor-divider\">\n\t\t\t<span class=\"elementor-divider-separator\">\n\t\t\t\t\t\t\t<h5 class=\"elementor-divider__text elementor-divider__element\">\n\t\t\t\tEquipes et joueurs\t\t\t\t<\/h5>\n\t\t\t\t\t\t<\/span>\n\t\t<\/div>\n\t\t\t\t\t\t<\/div>\n\t\t\t\t<\/div>\n\t\t\t\t\t<\/div>\n\t\t<\/div>\n\t\t\t\t\t<\/div>\n\t\t<\/section>\n\t\t\t\t<section class=\"elementor-section elementor-top-section elementor-element elementor-element-439a8b96 elementor-section-boxed elementor-section-height-default elementor-section-height-default\" data-id=\"439a8b96\" data-element_type=\"section\" data-e-type=\"section\" data-settings=\"{&quot;background_background&quot;:&quot;classic&quot;}\">\n\t\t\t\t\t\t<div class=\"elementor-container elementor-column-gap-no\">\n\t\t\t\t\t<div class=\"elementor-column elementor-col-100 elementor-top-column elementor-element elementor-element-373069d\" data-id=\"373069d\" data-element_type=\"column\" data-e-type=\"column\">\n\t\t\t<div class=\"elementor-widget-wrap elementor-element-populated\">\n\t\t\t\t\t\t<div class=\"elementor-element elementor-element-6e03cb10 elementor-widget-divider--view-line_text elementor-widget-divider--element-align-center elementor-widget elementor-widget-divider\" data-id=\"6e03cb10\" data-element_type=\"widget\" data-e-type=\"widget\" data-widget_type=\"divider.default\">\n\t\t\t\t<div class=\"elementor-widget-container\">\n\t\t\t\t\t\t\t<div class=\"elementor-divider\">\n\t\t\t<span class=\"elementor-divider-separator\">\n\t\t\t\t\t\t\t<h5 class=\"elementor-divider__text elementor-divider__element\">\n\t\t\t\tR\u00e8glement 1er mars 2026\t\t\t\t<\/h5>\n\t\t\t\t\t\t<\/span>\n\t\t<\/div>\n\t\t\t\t\t\t<\/div>\n\t\t\t\t<\/div>\n\t\t\t\t<div class=\"elementor-element elementor-element-69bc0e30 elementor-widget elementor-widget-heading\" data-id=\"69bc0e30\" data-element_type=\"widget\" data-e-type=\"widget\" data-widget_type=\"heading.default\">\n\t\t\t\t<div class=\"elementor-widget-container\">\n\t\t\t\t\t<h2 class=\"elementor-heading-title elementor-size-default\">Chartres 24h de Golf 2026<\/h2>\t\t\t\t<\/div>\n\t\t\t\t<\/div>\n\t\t\t\t<section class=\"elementor-section elementor-inner-section elementor-element elementor-element-9de3f34 elementor-section-boxed elementor-section-height-default elementor-section-height-default\" data-id=\"9de3f34\" data-element_type=\"section\" data-e-type=\"section\">\n\t\t\t\t\t\t<div class=\"elementor-container elementor-column-gap-default\">\n\t\t\t\t\t<div class=\"elementor-column elementor-col-50 elementor-inner-column elementor-element elementor-element-a27bd98\" data-id=\"a27bd98\" data-element_type=\"column\" data-e-type=\"column\">\n\t\t\t<div class=\"elementor-widget-wrap elementor-element-populated\">\n\t\t\t\t\t\t<div class=\"elementor-element elementor-element-a1c76bf elementor-widget elementor-widget-text-editor\" data-id=\"a1c76bf\" data-element_type=\"widget\" data-e-type=\"widget\" data-widget_type=\"text-editor.default\">\n\t\t\t\t<div class=\"elementor-widget-container\">\n\t\t\t\t\t\t\t\t\t<ul><li><strong>Formule de jeu<\/strong><\/li><\/ul><p>La comp\u00e9tition se d\u00e9roule sur le parcours Golf 9 trous appel\u00e9 grands parcours et le parcours Pitch &amp; Putt 9 trous en comp\u00e9tition de jour. <br \/>Sur le parcours Pitch &amp; Putt en comp\u00e9tition de nuit.<br \/><strong>Les scores sont enregistr\u00e9s<\/strong> <br \/>Le jour :<br \/>. en strokeplay brut avec un score maximum de 9 pour un calcul net sur le grand parcours la formule de jeu est le quatre balles meilleure balle,<br \/>. en strokeplay brut avec score global maximum sur le parcours pitch &amp; putt,\u00a0Le score global maximum pour le tour est fix\u00e9 \u00e0 45. La formule de jeu\u00a0est la suivante : jeu sur 18 trous score en eclectic sur 9 trous (pour chaque trou le meilleur score est conserv\u00e9 pour le score final du tour.<\/p><p>La nuit :<br \/>. en Strokeplay brut sur Pitch &amp; Putt, la formule de jeu est le scramble 9 trous.<\/p><p><em>Le handicap pour le calcul du score net est \u00e9tabli selon les coeeficients de la\u00a0 FFGolf pour un scramble \u00e0 6 joueurs il est appliqu\u00e9 \u00e0 chaque membre de l\u2019\u00e9quipe.<\/em><\/p><p>Les scores relev\u00e9s par carte seront additionn\u00e9s pour chaque joueur et cumul\u00e9s pour l\u2019ensemble \u00a0de l\u2019\u00e9quipe pour donner le r\u00e9sultat final en net.<br \/>Les aires de d\u00e9parts sont \u201cboules rouges\u201c pour les dames et \u201cboules jaunes\u201c pour les messieurs.<\/p><ul><li><strong>Composition des \u00e9quipes :<\/strong><\/li><\/ul><p>Chaque \u00e9quipe doit \u00eatre compos\u00e9e de 6 joueurs licenci\u00e9s \u00e0 la FFGolf, questionnaire de sant\u00e9 ou certificat m\u00e9dical enregistr\u00e9 au plus tard le vendredi veille de l\u2019\u00e9preuve.<br \/>Elle peut \u00eatre compos\u00e9e de joueurs et de joueuses. La comp\u00e9tition est ouverte \u00e0 tous les licenci\u00e9s.\u00a0 Le contr\u00f4le de l\u2019index de chaque licenci\u00e9 sera celui enregistr\u00e9 sur la base de donn\u00e9es f\u00e9d\u00e9rales une semaine avant la comp\u00e9tition, les index seront arrondis.<br \/>Chaque \u00e9quipe d\u00e9signe un capitaine qui sera le seul interlocuteur aupr\u00e8s du comit\u00e9 d\u2019organisation, cependant le joueur au repos sera habilit\u00e9 \u00e0 indiquer les changements \u00e9ventuels de tour d\u2019\u00e9quipier lorsque le capitaine joue dans un tour.<br \/>Les \u00e9quipes peuvent se donner un nom et jouent dans leur \u00e9ventuelle tenue d\u2019\u00e9quipe.<br \/><strong>Le nombre maximum d\u2019\u00e9quipe est fix\u00e9 \u00e0 18.<\/strong><\/p><ul><li><strong>R\u00e8gles de jeu :<\/strong><\/li><\/ul><p>Sauf r\u00e8gles particuli\u00e8res indiqu\u00e9es dans le pr\u00e9sent r\u00e8glement ou affich\u00e9es sur le tableau officiel, les 24 h du Golf de Chartres se d\u00e9rouleront en conformit\u00e9 avec les r\u00e8gles de Golf du Royal and Ancien Golf Club of Saint Andrews et du r\u00e8glement g\u00e9n\u00e9ral de la FFGolf.<br \/>Les balles utilis\u00e9es jour et nuit doivent \u00eatre conforme aux balles officielles \u00e9nonc\u00e9es sur la liste des r\u00e8gles f\u00e9d\u00e9rales. En cas de non respect, disqualification de l\u2019\u00e9quipe pour le tour jou\u00e9.<\/p><ul><li><strong>D\u00e9roulement des parties :<\/strong><\/li><\/ul><p>Le d\u00e9part est donn\u00e9 en shot gun (trompe). Le Comit\u00e9 organise les d\u00e9parts. selon les fiches d\u00e9pos\u00e9es par le capitaine de chaque \u00e9quipe.<br \/>Les changements d\u2019\u00e9quipiers dans la composition des \u00e9quipes doivent obligatoirement \u00eatre communiqu\u00e9s par le capitaine de l\u2019\u00e9quipe \u00e0 l\u2019avance (soit 1\/2 heure avant le relais).<br \/>Les \u00e9quipes doivent renouveler leur carte \u00e0 chaque d\u00e9part.<\/p>\t\t\t\t\t\t\t\t<\/div>\n\t\t\t\t<\/div>\n\t\t\t\t\t<\/div>\n\t\t<\/div>\n\t\t\t\t<div class=\"elementor-column elementor-col-50 elementor-inner-column elementor-element elementor-element-252a1a0\" data-id=\"252a1a0\" data-element_type=\"column\" data-e-type=\"column\">\n\t\t\t<div class=\"elementor-widget-wrap elementor-element-populated\">\n\t\t\t\t\t\t<div class=\"elementor-element elementor-element-6473724 elementor-widget elementor-widget-text-editor\" data-id=\"6473724\" data-element_type=\"widget\" data-e-type=\"widget\" data-widget_type=\"text-editor.default\">\n\t\t\t\t<div class=\"elementor-widget-container\">\n\t\t\t\t\t\t\t\t\t<ul><li><strong>Comp\u00e9tition de jour<\/strong><br \/>(15 h 00 \u00e0 21 h 00 et de 6 h 00 \u00e0 15 h)<\/li><\/ul><p>D\u00e9part et arr\u00eat par un avertissement de trompe.<br \/>3 joueurs de chaque \u00e9quipe sont en jeu en permanence.<br \/>2 sur le grand parcours.<br \/>1 sur le Pitch &amp; Putt.<br \/>3 joueurs sont au repos.<br \/>Rotation selon les horaires suivants.<br \/><strong>Jour 1 d\u00e9parts : 15h00, 18h00<br \/>Jour 2 d\u00e9parts : 06h00, 09h00, 12h00<\/strong><br \/>Lors de la reprise de la comp\u00e9tition de jour \u00e0 6 h 00, le positionnement des \u00e9quipes sur les parcours sera fait en fonction du classement provisoire \u00e9tabli \u00e0 5 h<\/p><ul><li><strong>Comp\u00e9tition de nuit<\/strong> <br \/>(23 h 00 \u00e0 5 h 00<\/li><\/ul><p>D\u00e9part et arr\u00eat par un avertissement de trompe.<br \/>&#8211; 2 joueurs de chaque \u00e9quipe sur le parcours Pitch &amp; Putt<br \/>&#8211; 4 joueurs sont au repos<br \/><strong>D\u00e9parts : 23h00, 01h00, 03h00<\/strong><\/p><ul><li><strong>Obligation des tours :<\/strong><\/li><\/ul><p>Chaque joueur devra avoir effectu\u00e9 un minimum de 1 parcours Golf 9 trous (grand parcours) ou 1 parcours Pitch &amp; Putt le jour et 1 parcours Pitch &amp; Putt\u00a0la nuit pour que le score global de l\u2019\u00e9quipe soit valid\u00e9.<\/p><ul><li><strong>Recherche de balles :<\/strong><\/li><\/ul><p>Pendant toute la dur\u00e9e des 24 h du Golf de Chartres,\u00a0la recherche de balle est de 3 mn en conformit\u00e9 avec les r\u00e8gles 2019.<\/p><ul><li><strong>Tour de nuit<\/strong> (de 23h 00 \u00e0 5 h 00)<\/li><\/ul><p>Le seul moyen d\u2019\u00e9clairage individuel autoris\u00e9 est l\u2019utilisation d\u2019une lampe \u00e9lectrique \u00e0 main ou frontale pour rechercher une balle ou pour \u00e9clairer la balle lors de l\u2019ex\u00e9cution d\u2019un coup.<\/p><ul><li><strong>Informations officielles :<\/strong><\/li><\/ul><p>Elles seront publi\u00e9es sur le tableau officiel plac\u00e9 \u00e0 l\u2019entr\u00e9e du Club House. Le capitaine et les joueurs de chaque \u00e9quipe devront y prendre connaissance de toutes informations et modifications \u00e9ventuelles du r\u00e8glement et des dispositions de jeu.<br \/><strong>Seules les informations publi\u00e9es sur ce tableau ont une valeur officielle et applicable.<\/strong><\/p><ul><li><strong>Classement<\/strong><\/li><\/ul><p>Les \u00e9quipes Vainqueurs des 24 h du Golf de Chartres seront celles qui auront r\u00e9alis\u00e9 le meilleur score cumul\u00e9.<\/p><p>Pour le calcul du handicap applicable \u00e0 chaque membre d\u2019une \u00e9quipe il sera fait r\u00e9f\u00e9rence \u00e0 la m\u00e9thode de calcul f\u00e9d\u00e9ral pour un scramble de 6 joueurs (voir table de calcul)<\/p><ul><li><strong>D\u00e9partage<\/strong><\/li><\/ul><p>En cas d&rsquo;\u00e9galit\u00e9 le d\u00e9partage sera fait sur le r\u00e9sultat du parcours de nuit des \u00e9quipes, puis si il y a lieu sur le r\u00e9sultat du dernier tour du grand parcours.<\/p><ul><li><strong>Comit\u00e9 d\u2019organisation des 24 h du Golf de Chartres :<\/strong><\/li><\/ul><p>Le comit\u00e9 d\u2019organisation assure les fonctions et la responsabilit\u00e9 sportive comme comit\u00e9 de l\u2019\u00e9preuve. Il veille au bon d\u00e9roulement sportif et \u00e9thique.<br \/>Il prend toutes les d\u00e9cisions utiles \u00e0 cet effet.<br \/>Les d\u00e9cisions du comit\u00e9 d\u2019organisation des 24 h du Golf de Chartres sont sans appel. Il peut proc\u00e9der \u00e0 tous moments \u00e0 des modifications pour adapter le pr\u00e9sent r\u00e8glement, il informe par affichage au tableau officiel<\/p>\t\t\t\t\t\t\t\t<\/div>\n\t\t\t\t<\/div>\n\t\t\t\t<div class=\"elementor-element elementor-element-fcfe6fb elementor-widget elementor-widget-image\" data-id=\"fcfe6fb\" data-element_type=\"widget\" data-e-type=\"widget\" data-widget_type=\"image.default\">\n\t\t\t\t<div class=\"elementor-widget-container\">\n\t\t\t\t\t\t\t\t\t\t\t\t\t\t\t<img decoding=\"async\" width=\"800\" height=\"442\" src=\"https:\/\/www.chartres24hgolf.com\/c24h\/wp-content\/uploads\/2025\/05\/calcul-handicap-equipe-1024x566.jpg\" class=\"attachment-large size-large wp-image-2681\" alt=\"\" srcset=\"https:\/\/www.chartres24hgolf.com\/c24h\/wp-content\/uploads\/2025\/05\/calcul-handicap-equipe-1024x566.jpg 1024w, https:\/\/www.chartres24hgolf.com\/c24h\/wp-content\/uploads\/2025\/05\/calcul-handicap-equipe-300x166.jpg 300w, https:\/\/www.chartres24hgolf.com\/c24h\/wp-content\/uploads\/2025\/05\/calcul-handicap-equipe-768x424.jpg 768w, https:\/\/www.chartres24hgolf.com\/c24h\/wp-content\/uploads\/2025\/05\/calcul-handicap-equipe-1536x849.jpg 1536w, https:\/\/www.chartres24hgolf.com\/c24h\/wp-content\/uploads\/2025\/05\/calcul-handicap-equipe.jpg 1726w\" sizes=\"(max-width: 800px) 100vw, 800px\" \/>\t\t\t\t\t\t\t\t\t\t\t\t\t\t\t<\/div>\n\t\t\t\t<\/div>\n\t\t\t\t\t<\/div>\n\t\t<\/div>\n\t\t\t\t\t<\/div>\n\t\t<\/section>\n\t\t\t\t\t<\/div>\n\t\t<\/div>\n\t\t\t\t\t<\/div>\n\t\t<\/section>\n\t\t\t\t<\/div>\n\t\t","protected":false},"excerpt":{"rendered":"<p>Bienvenue Equipes et joueurs R\u00e8glement 1er mars 2026 Chartres 24h de Golf 2026 Formule de jeu La comp\u00e9tition se d\u00e9roule sur le parcours Golf 9 trous appel\u00e9 grands parcours et le parcours Pitch &amp; Putt 9 trous en comp\u00e9tition de jour. Sur le parcours Pitch &amp; Putt en comp\u00e9tition de nuit.Les scores sont enregistr\u00e9s Le [&hellip;]<\/p>\n","protected":false},"author":1,"featured_media":0,"parent":0,"menu_order":0,"comment_status":"closed","ping_status":"closed","template":"elementor_theme","meta":{"footnotes":""},"class_list":["post-1228","page","type-page","status-publish","hentry"],"_links":{"self":[{"href":"https:\/\/www.chartres24hgolf.com\/c24h\/wp-json\/wp\/v2\/pages\/1228","targetHints":{"allow":["GET"]}}],"collection":[{"href":"https:\/\/www.chartres24hgolf.com\/c24h\/wp-json\/wp\/v2\/pages"}],"about":[{"href":"https:\/\/www.chartres24hgolf.com\/c24h\/wp-json\/wp\/v2\/types\/page"}],"author":[{"embeddable":true,"href":"https:\/\/www.chartres24hgolf.com\/c24h\/wp-json\/wp\/v2\/users\/1"}],"replies":[{"embeddable":true,"href":"https:\/\/www.chartres24hgolf.com\/c24h\/wp-json\/wp\/v2\/comments?post=1228"}],"version-history":[{"count":119,"href":"https:\/\/www.chartres24hgolf.com\/c24h\/wp-json\/wp\/v2\/pages\/1228\/revisions"}],"predecessor-version":[{"id":2747,"href":"https:\/\/www.chartres24hgolf.com\/c24h\/wp-json\/wp\/v2\/pages\/1228\/revisions\/2747"}],"wp:attachment":[{"href":"https:\/\/www.chartres24hgolf.com\/c24h\/wp-json\/wp\/v2\/media?parent=1228"}],"curies":[{"name":"wp","href":"https:\/\/api.w.org\/{rel}","templated":true}]}}